{"id":40,"date":"2025-02-04T15:21:37","date_gmt":"2025-02-04T15:21:37","guid":{"rendered":"https:\/\/abrilpopular.ese.ipp.pt\/?page_id=40"},"modified":"2025-12-19T16:20:28","modified_gmt":"2025-12-19T16:20:28","slug":"aml","status":"publish","type":"page","link":"https:\/\/abrilpopular.ese.ipp.pt\/?page_id=40","title":{"rendered":"Associa\u00e7\u00e3o de Moradores da Lomba"},"content":{"rendered":"\n<div class=\"wp-block-group is-nowrap is-layout-flex wp-container-core-group-is-layout-6c531013 wp-block-group-is-layout-flex\"><div class=\"wp-block-site-logo\"><a href=\"https:\/\/abrilpopular.ese.ipp.pt\/\" class=\"custom-logo-link\" rel=\"home\"><img loading=\"lazy\" decoding=\"async\" width=\"36\" height=\"36\" src=\"https:\/\/abrilpopular.ese.ipp.pt\/wp-content\/uploads\/2025\/02\/cropped-Abril_cores.png\" class=\"custom-logo\" alt=\"Associa\u00e7\u00f5es Populares de Abril no Porto\" srcset=\"https:\/\/abrilpopular.ese.ipp.pt\/wp-content\/uploads\/2025\/02\/cropped-Abril_cores.png 512w, https:\/\/abrilpopular.ese.ipp.pt\/wp-content\/uploads\/2025\/02\/cropped-Abril_cores-300x300.png 300w, https:\/\/abrilpopular.ese.ipp.pt\/wp-content\/uploads\/2025\/02\/cropped-Abril_cores-150x150.png 150w, https:\/\/abrilpopular.ese.ipp.pt\/wp-content\/uploads\/2025\/02\/cropped-Abril_cores-270x270.png 270w, https:\/\/abrilpopular.ese.ipp.pt\/wp-content\/uploads\/2025\/02\/cropped-Abril_cores-192x192.png 192w, https:\/\/abrilpopular.ese.ipp.pt\/wp-content\/uploads\/2025\/02\/cropped-Abril_cores-180x180.png 180w, https:\/\/abrilpopular.ese.ipp.pt\/wp-content\/uploads\/2025\/02\/cropped-Abril_cores-32x32.png 32w\" sizes=\"auto, (max-width: 36px) 100vw, 36px\" \/><\/a><\/div>\n\n\n<h2 class=\"wp-block-heading has-x-large-font-size\"><strong>Associa\u00e7\u00e3o de Moradores da Lomba<\/strong><\/h2>\n<\/div>\n\n\n\n<div style=\"height:44px\" aria-hidden=\"true\" class=\"wp-block-spacer\"><\/div>\n\n\n\n<figure class=\"wp-block-image size-large\"><img loading=\"lazy\" decoding=\"async\" width=\"1024\" height=\"1024\" src=\"https:\/\/abrilpopular.ese.ipp.pt\/wp-content\/uploads\/2025\/03\/Blurred-lomba-1024x1024.jpg\" alt=\"\" class=\"wp-image-577\" srcset=\"https:\/\/abrilpopular.ese.ipp.pt\/wp-content\/uploads\/2025\/03\/Blurred-lomba-1024x1024.jpg 1024w, https:\/\/abrilpopular.ese.ipp.pt\/wp-content\/uploads\/2025\/03\/Blurred-lomba-300x300.jpg 300w, https:\/\/abrilpopular.ese.ipp.pt\/wp-content\/uploads\/2025\/03\/Blurred-lomba-150x150.jpg 150w, https:\/\/abrilpopular.ese.ipp.pt\/wp-content\/uploads\/2025\/03\/Blurred-lomba-768x768.jpg 768w, https:\/\/abrilpopular.ese.ipp.pt\/wp-content\/uploads\/2025\/03\/Blurred-lomba-1536x1536.jpg 1536w, https:\/\/abrilpopular.ese.ipp.pt\/wp-content\/uploads\/2025\/03\/Blurred-lomba-2048x2048.jpg 2048w\" sizes=\"auto, (max-width: 1024px) 100vw, 1024px\" \/><\/figure>\n\n\n\n<div style=\"height:41px\" aria-hidden=\"true\" class=\"wp-block-spacer\"><\/div>\n\n\n\n<p class=\"has-vollkorn-font-family has-medium-font-size\">A <strong>Associa\u00e7\u00e3o de Moradores da Lomba<\/strong> foi fundada em 1977, num ambiente de forte expans\u00e3o dos movimentos populares na cidade do Porto. Num territ\u00f3rio onde (ainda \u00e0 data de hoje) predominam as t\u00edpicas&nbsp;<em>ilhas<\/em>&nbsp;do Porto (Teixeira, 1996), constitui-se com objetivos associados \u00e0 melhoria das condi\u00e7\u00f5es de habita\u00e7\u00e3o dos moradores, bem como com vista ao desenvolvimento do associativismo a n\u00edvel cultural, recreativo, social e sanit\u00e1rio.<\/p>\n\n\n\n<div style=\"height:26px\" aria-hidden=\"true\" class=\"wp-block-spacer\"><\/div>\n\n\n\n<p class=\"has-vollkorn-font-family has-medium-font-size\">A par das muitas reconfigura\u00e7\u00f5es que a AML foi sofrendo ao longo das \u00faltimas quatro d\u00e9cadas, continua a ser express\u00e3o de outras formas de organiza\u00e7\u00e3o popular de base comunit\u00e1ria, sendo um dos objetivos deste estudo compreend\u00ea-las e sistematiz\u00e1-las. A n\u00edvel cultural e desportivo, por exemplo, a AML \u00e9 respons\u00e1vel pela manuten\u00e7\u00e3o das festividades locais e pela gest\u00e3o do espa\u00e7o desportivo do territ\u00f3rio; a n\u00edvel social, mant\u00e9m o&nbsp;<em>caf\u00e9 da associa\u00e7\u00e3o<\/em>&nbsp;aberto em determinados per\u00edodos, bem como os balne\u00e1rios p\u00fablicos. \u00c9 ainda detentora de um amplo patrim\u00f3nio que pode ser analisado no \u00e2mbito deste estudo.<\/p>\n\n\n\n<div style=\"height:26px\" aria-hidden=\"true\" class=\"wp-block-spacer\"><\/div>\n\n\n\n<p class=\"has-vollkorn-font-family has-medium-font-size\"><strong><mark style=\"background-color:#FFFFFF\" class=\"has-inline-color has-contrast-color\"><a href=\"https:\/\/www.facebook.com\/amlomba.aml\/\" target=\"_blank\" rel=\"noreferrer noopener\">Visite a p\u00e1gina de Facebook da AML.<\/a><\/mark><\/strong><\/p>\n\n\n\n<p class=\"has-vollkorn-font-family has-medium-font-size\"><\/p>\n\n\n\n<div class=\"wp-block-buttons has-custom-font-size has-vollkorn-font-family has-medium-font-size is-content-justification-right is-nowrap is-layout-flex wp-container-core-buttons-is-layout-66f30edd wp-block-buttons-is-layout-flex\" style=\"border-style:none;border-width:0px;margin-top:var(--wp--preset--spacing--20);margin-bottom:var(--wp--preset--spacing--20);padding-top:var(--wp--preset--spacing--30);padding-right:0;padding-bottom:var(--wp--preset--spacing--30);padding-left:0\">\n<div class=\"wp-block-button has-custom-width wp-block-button__width-50 is-style-fill\"><a class=\"wp-block-button__link has-vollkorn-font-family wp-element-button\" href=\"https:\/\/abrilpopular.ese.ipp.pt\/?page_id=590\" style=\"padding-top:var(--wp--preset--spacing--20);padding-right:var(--wp--preset--spacing--30);padding-bottom:var(--wp--preset--spacing--20);padding-left:var(--wp--preset--spacing--30)\">Testemunhos<\/a><\/div>\n\n<!--\n\n<div class=\"wp-block-button has-custom-width wp-block-button__width-50\"><a class=\"wp-block-button__link has-vollkorn-font-family wp-element-button\" href=\"https:\/\/abrilpopular.ese.ipp.pt\/?page_id=592\" style=\"padding-top:var(--wp--preset--spacing--20);padding-right:var(--wp--preset--spacing--30);padding-bottom:var(--wp--preset--spacing--20);padding-left:var(--wp--preset--spacing--30)\">Arquivo<\/a><\/div>\n-->\n<\/div>\n","protected":false},"excerpt":{"rendered":"<p>Associa\u00e7\u00e3o de Moradores da Lomba A Associa\u00e7\u00e3o de Moradores da Lomba foi fundada em 1977, num ambiente de forte expans\u00e3o dos movimentos populares na cidade do Porto. Num territ\u00f3rio onde (ainda \u00e0 data de hoje) predominam as t\u00edpicas&nbsp;ilhas&nbsp;do Porto (Teixeira, 1996), constitui-se com objetivos associados \u00e0 melhoria das condi\u00e7\u00f5es de habita\u00e7\u00e3o dos moradores, bem como [&hellip;]<\/p>\n","protected":false},"author":2,"featured_media":0,"parent":21,"menu_order":8,"comment_status":"closed","ping_status":"closed","template":"","meta":{"footnotes":""},"class_list":["post-40","page","type-page","status-publish","hentry"],"_links":{"self":[{"href":"https:\/\/abrilpopular.ese.ipp.pt\/index.php?rest_route=\/wp\/v2\/pages\/40","targetHints":{"allow":["GET"]}}],"collection":[{"href":"https:\/\/abrilpopular.ese.ipp.pt\/index.php?rest_route=\/wp\/v2\/pages"}],"about":[{"href":"https:\/\/abrilpopular.ese.ipp.pt\/index.php?rest_route=\/wp\/v2\/types\/page"}],"author":[{"embeddable":true,"href":"https:\/\/abrilpopular.ese.ipp.pt\/index.php?rest_route=\/wp\/v2\/users\/2"}],"replies":[{"embeddable":true,"href":"https:\/\/abrilpopular.ese.ipp.pt\/index.php?rest_route=%2Fwp%2Fv2%2Fcomments&post=40"}],"version-history":[{"count":14,"href":"https:\/\/abrilpopular.ese.ipp.pt\/index.php?rest_route=\/wp\/v2\/pages\/40\/revisions"}],"predecessor-version":[{"id":1130,"href":"https:\/\/abrilpopular.ese.ipp.pt\/index.php?rest_route=\/wp\/v2\/pages\/40\/revisions\/1130"}],"up":[{"embeddable":true,"href":"https:\/\/abrilpopular.ese.ipp.pt\/index.php?rest_route=\/wp\/v2\/pages\/21"}],"wp:attachment":[{"href":"https:\/\/abrilpopular.ese.ipp.pt\/index.php?rest_route=%2Fwp%2Fv2%2Fmedia&parent=40"}],"curies":[{"name":"wp","href":"https:\/\/api.w.org\/{rel}","templated":true}]}}