{"id":36,"date":"2025-02-04T15:21:37","date_gmt":"2025-02-04T15:21:37","guid":{"rendered":"https:\/\/abrilpopular.ese.ipp.pt\/?page_id=36"},"modified":"2025-12-19T16:15:17","modified_gmt":"2025-12-19T16:15:17","slug":"upp","status":"publish","type":"page","link":"https:\/\/abrilpopular.ese.ipp.pt\/?page_id=36","title":{"rendered":"Universidade Popular do Porto"},"content":{"rendered":"\n<div class=\"wp-block-group is-nowrap is-layout-flex wp-container-core-group-is-layout-6c531013 wp-block-group-is-layout-flex\"><div class=\"wp-block-site-logo\"><a href=\"https:\/\/abrilpopular.ese.ipp.pt\/\" class=\"custom-logo-link\" rel=\"home\"><img loading=\"lazy\" decoding=\"async\" width=\"36\" height=\"36\" src=\"https:\/\/abrilpopular.ese.ipp.pt\/wp-content\/uploads\/2025\/02\/cropped-Abril_cores.png\" class=\"custom-logo\" alt=\"Associa\u00e7\u00f5es Populares de Abril no Porto\" srcset=\"https:\/\/abrilpopular.ese.ipp.pt\/wp-content\/uploads\/2025\/02\/cropped-Abril_cores.png 512w, https:\/\/abrilpopular.ese.ipp.pt\/wp-content\/uploads\/2025\/02\/cropped-Abril_cores-300x300.png 300w, https:\/\/abrilpopular.ese.ipp.pt\/wp-content\/uploads\/2025\/02\/cropped-Abril_cores-150x150.png 150w, https:\/\/abrilpopular.ese.ipp.pt\/wp-content\/uploads\/2025\/02\/cropped-Abril_cores-270x270.png 270w, https:\/\/abrilpopular.ese.ipp.pt\/wp-content\/uploads\/2025\/02\/cropped-Abril_cores-192x192.png 192w, https:\/\/abrilpopular.ese.ipp.pt\/wp-content\/uploads\/2025\/02\/cropped-Abril_cores-180x180.png 180w, https:\/\/abrilpopular.ese.ipp.pt\/wp-content\/uploads\/2025\/02\/cropped-Abril_cores-32x32.png 32w\" sizes=\"auto, (max-width: 36px) 100vw, 36px\" \/><\/a><\/div>\n\n\n<h2 class=\"wp-block-heading has-x-large-font-size\"><strong>Universidade Popular do Porto<\/strong><\/h2>\n<\/div>\n\n\n\n<div style=\"height:60px\" aria-hidden=\"true\" class=\"wp-block-spacer\"><\/div>\n\n\n\n<div class=\"wp-block-media-text is-stacked-on-mobile is-vertically-aligned-center is-image-fill-element\" style=\"grid-template-columns:33% auto\"><figure class=\"wp-block-media-text__media\"><a href=\"https:\/\/upp.pt\/drupal\/\"><img loading=\"lazy\" decoding=\"async\" width=\"771\" height=\"1024\" src=\"https:\/\/abrilpopular.ese.ipp.pt\/wp-content\/uploads\/2025\/02\/UPP8-editada-3-771x1024.jpg\" alt=\"\" class=\"wp-image-384 size-full\" style=\"object-position:70% 48%\" srcset=\"https:\/\/abrilpopular.ese.ipp.pt\/wp-content\/uploads\/2025\/02\/UPP8-editada-3-771x1024.jpg 771w, https:\/\/abrilpopular.ese.ipp.pt\/wp-content\/uploads\/2025\/02\/UPP8-editada-3-226x300.jpg 226w, https:\/\/abrilpopular.ese.ipp.pt\/wp-content\/uploads\/2025\/02\/UPP8-editada-3-768x1020.jpg 768w, https:\/\/abrilpopular.ese.ipp.pt\/wp-content\/uploads\/2025\/02\/UPP8-editada-3-1157x1536.jpg 1157w, https:\/\/abrilpopular.ese.ipp.pt\/wp-content\/uploads\/2025\/02\/UPP8-editada-3-1542x2048.jpg 1542w, https:\/\/abrilpopular.ese.ipp.pt\/wp-content\/uploads\/2025\/02\/UPP8-editada-3-scaled.jpg 1928w\" sizes=\"auto, (max-width: 771px) 100vw, 771px\" \/><\/a><\/figure><div class=\"wp-block-media-text__content\">\n<p class=\"has-vollkorn-font-family has-medium-font-size\">Fundada em 1979 e assente nos valores de Abril, a <strong>Universidade Popular do Porto<\/strong> \u00e9 uma associa\u00e7\u00e3o cultural que tem como objetivos \u201cpromover conhecimento e forma\u00e7\u00e3o cultural, cient\u00edfica e t\u00e9cnica nas diversas \u00e1reas do saber e da atividade social, atrav\u00e9s da cria\u00e7\u00e3o de grupos de estudo<br>e a realiza\u00e7\u00e3o de cursos, semin\u00e1rios e outras atividades de estudo e trabalho\u201d (UPP).<\/p>\n\n\n\n<p class=\"has-vollkorn-font-family has-medium-font-size\">Desde a sua funda\u00e7\u00e3o, a UPP j\u00e1 realizou centenas de cursos gratuitos, debates, semin\u00e1rios, confer\u00eancias, visitas de estudo, confraterniza\u00e7\u00f5es e tem estado tamb\u00e9m envolvida na realiza\u00e7\u00e3o de diversos projetos e na organiza\u00e7\u00e3o de eventos populares, como as celebra\u00e7\u00f5es do 25 de Abril.<\/p>\n\n\n\n<p class=\"has-vollkorn-font-family has-medium-font-size\">Um dos componentes mais emblem\u00e1ticos da sua identidade \u00e9 o Centro de Documenta\u00e7\u00e3o e Informa\u00e7\u00e3o sobre o movimento oper\u00e1rio e popular do Porto no s\u00e9culo XX (CDI), criado em 2001. No \u00e2mbito deste projeto, a UPP colaborar\u00e1 com a<br>equipa de investiga\u00e7\u00e3o, dando acesso aos seus arquivos e contacto com atuais e antigos dirigentes e membros da associa\u00e7\u00e3o.<\/p>\n\n\n\n<p class=\"has-vollkorn-font-family has-medium-font-size\">Como associa\u00e7\u00e3o emblem\u00e1tica da cidade do Porto na \u00e1rea da educa\u00e7\u00e3o de adultos, nomeadamente atrav\u00e9s da sua colabora\u00e7\u00e3o e parceria com sindicatos, providencia contexto significativo para a investiga\u00e7\u00e3o sobre a participa\u00e7\u00e3o associativa e a sua evolu\u00e7\u00e3o nas \u00faltimas d\u00e9cadas.<\/p>\n\n\n\n<p class=\"has-vollkorn-font-family\"><strong><a href=\"https:\/\/upp.pt\/drupal\/\">Visite o site da UPP.<\/a><\/strong><\/p>\n\n\n\n<p class=\"has-vollkorn-font-family has-medium-font-size\"><\/p>\n<\/div><\/div>\n\n\n\n<p><\/p>\n\n\n\n<div class=\"wp-block-buttons has-custom-font-size has-vollkorn-font-family has-medium-font-size is-content-justification-right is-nowrap is-layout-flex wp-container-core-buttons-is-layout-66f30edd wp-block-buttons-is-layout-flex\" style=\"border-style:none;border-width:0px;margin-top:var(--wp--preset--spacing--20);margin-bottom:var(--wp--preset--spacing--20);padding-top:var(--wp--preset--spacing--30);padding-right:0;padding-bottom:var(--wp--preset--spacing--30);padding-left:0\">\n\n<div class=\"wp-block-button has-custom-width wp-block-button__width-50 is-style-fill\"><a class=\"wp-block-button__link has-vollkorn-font-family wp-element-button\" href=\"https:\/\/abrilpopular.ese.ipp.pt\/?page_id=583\" style=\"padding-top:var(--wp--preset--spacing--20);padding-right:var(--wp--preset--spacing--30);padding-bottom:var(--wp--preset--spacing--20);padding-left:var(--wp--preset--spacing--30)\">Testemunhos<\/a><\/div>\n\n<!--\n\n<div class=\"wp-block-button has-custom-width wp-block-button__width-50\"><a class=\"wp-block-button__link has-vollkorn-font-family wp-element-button\" href=\"https:\/\/abrilpopular.ese.ipp.pt\/?page_id=586\" style=\"padding-top:var(--wp--preset--spacing--20);padding-right:var(--wp--preset--spacing--30);padding-bottom:var(--wp--preset--spacing--20);padding-left:var(--wp--preset--spacing--30)\">Arquivo<\/a><\/div>\n-->\n\n<\/div>\n","protected":false},"excerpt":{"rendered":"<p>Universidade Popular do Porto Fundada em 1979 e assente nos valores de Abril, a Universidade Popular do Porto \u00e9 uma associa\u00e7\u00e3o cultural que tem como objetivos \u201cpromover conhecimento e forma\u00e7\u00e3o cultural, cient\u00edfica e t\u00e9cnica nas diversas \u00e1reas do saber e da atividade social, atrav\u00e9s da cria\u00e7\u00e3o de grupos de estudoe a realiza\u00e7\u00e3o de cursos, semin\u00e1rios [&hellip;]<\/p>\n","protected":false},"author":2,"featured_media":0,"parent":21,"menu_order":5,"comment_status":"closed","ping_status":"closed","template":"","meta":{"footnotes":""},"class_list":["post-36","page","type-page","status-publish","hentry"],"_links":{"self":[{"href":"https:\/\/abrilpopular.ese.ipp.pt\/index.php?rest_route=\/wp\/v2\/pages\/36","targetHints":{"allow":["GET"]}}],"collection":[{"href":"https:\/\/abrilpopular.ese.ipp.pt\/index.php?rest_route=\/wp\/v2\/pages"}],"about":[{"href":"https:\/\/abrilpopular.ese.ipp.pt\/index.php?rest_route=\/wp\/v2\/types\/page"}],"author":[{"embeddable":true,"href":"https:\/\/abrilpopular.ese.ipp.pt\/index.php?rest_route=\/wp\/v2\/users\/2"}],"replies":[{"embeddable":true,"href":"https:\/\/abrilpopular.ese.ipp.pt\/index.php?rest_route=%2Fwp%2Fv2%2Fcomments&post=36"}],"version-history":[{"count":17,"href":"https:\/\/abrilpopular.ese.ipp.pt\/index.php?rest_route=\/wp\/v2\/pages\/36\/revisions"}],"predecessor-version":[{"id":1123,"href":"https:\/\/abrilpopular.ese.ipp.pt\/index.php?rest_route=\/wp\/v2\/pages\/36\/revisions\/1123"}],"up":[{"embeddable":true,"href":"https:\/\/abrilpopular.ese.ipp.pt\/index.php?rest_route=\/wp\/v2\/pages\/21"}],"wp:attachment":[{"href":"https:\/\/abrilpopular.ese.ipp.pt\/index.php?rest_route=%2Fwp%2Fv2%2Fmedia&parent=36"}],"curies":[{"name":"wp","href":"https:\/\/api.w.org\/{rel}","templated":true}]}}