{"id":32,"date":"2025-02-04T15:21:37","date_gmt":"2025-02-04T15:21:37","guid":{"rendered":"https:\/\/abrilpopular.ese.ipp.pt\/?page_id=32"},"modified":"2025-04-11T15:49:31","modified_gmt":"2025-04-11T15:49:31","slug":"equipa","status":"publish","type":"page","link":"https:\/\/abrilpopular.ese.ipp.pt\/?page_id=32","title":{"rendered":"Equipa"},"content":{"rendered":"\n<div class=\"wp-block-group is-nowrap is-layout-flex wp-container-core-group-is-layout-6c531013 wp-block-group-is-layout-flex\"><div class=\"wp-block-site-logo\"><a href=\"https:\/\/abrilpopular.ese.ipp.pt\/\" class=\"custom-logo-link\" rel=\"home\"><img loading=\"lazy\" decoding=\"async\" width=\"36\" height=\"36\" src=\"https:\/\/abrilpopular.ese.ipp.pt\/wp-content\/uploads\/2025\/02\/cropped-Abril_cores.png\" class=\"custom-logo\" alt=\"Associa\u00e7\u00f5es Populares de Abril no Porto\" srcset=\"https:\/\/abrilpopular.ese.ipp.pt\/wp-content\/uploads\/2025\/02\/cropped-Abril_cores.png 512w, https:\/\/abrilpopular.ese.ipp.pt\/wp-content\/uploads\/2025\/02\/cropped-Abril_cores-300x300.png 300w, https:\/\/abrilpopular.ese.ipp.pt\/wp-content\/uploads\/2025\/02\/cropped-Abril_cores-150x150.png 150w, https:\/\/abrilpopular.ese.ipp.pt\/wp-content\/uploads\/2025\/02\/cropped-Abril_cores-270x270.png 270w, https:\/\/abrilpopular.ese.ipp.pt\/wp-content\/uploads\/2025\/02\/cropped-Abril_cores-192x192.png 192w, https:\/\/abrilpopular.ese.ipp.pt\/wp-content\/uploads\/2025\/02\/cropped-Abril_cores-180x180.png 180w, https:\/\/abrilpopular.ese.ipp.pt\/wp-content\/uploads\/2025\/02\/cropped-Abril_cores-32x32.png 32w\" sizes=\"auto, (max-width: 36px) 100vw, 36px\" \/><\/a><\/div>\n\n\n<h2 class=\"wp-block-heading has-x-large-font-size\"><strong>Equipa de investiga\u00e7\u00e3o<\/strong><\/h2>\n<\/div>\n\n\n\n<div class=\"wp-block-columns is-layout-flex wp-container-core-columns-is-layout-28f84493 wp-block-columns-is-layout-flex\">\n<div class=\"wp-block-column is-layout-flow wp-block-column-is-layout-flow\" style=\"flex-basis:100%\">\n<h2 class=\"wp-block-heading has-vollkorn-font-family has-x-large-font-size\"><\/h2>\n\n\n\n<div style=\"height:55px\" aria-hidden=\"true\" class=\"wp-block-spacer\"><\/div>\n\n\n\n<p class=\"has-text-align-left has-vollkorn-font-family has-large-font-size\"><strong>Coordena\u00e7\u00e3o<\/strong><\/p>\n\n\n\n<div style=\"height:55px\" aria-hidden=\"true\" class=\"wp-block-spacer\"><\/div>\n\n\n\n<p><\/p>\n\n\n\n<p class=\"has-text-align-left has-vollkorn-font-family has-medium-font-size\" style=\"padding-top:var(--wp--preset--spacing--20);padding-bottom:var(--wp--preset--spacing--20)\"><strong><a href=\"https:\/\/www.cienciavitae.pt\/\/7513-CDBE-F745\" data-type=\"link\" data-id=\"https:\/\/www.cienciavitae.pt\/\/7513-CDBE-F745\">Isabel Tim\u00f3teo<\/a> \u2013 Investigadora respons\u00e1vel&nbsp;<\/strong>&nbsp;<\/p>\n\n\n\n<p class=\"has-text-align-left has-vollkorn-font-family has-medium-font-size\" style=\"padding-top:var(--wp--preset--spacing--20);padding-bottom:var(--wp--preset--spacing--20)\">Instituto Polit\u00e9cnico do Porto \u2013 Escola Superior de Educa\u00e7\u00e3o. Centro de Investiga\u00e7\u00e3o e Inova\u00e7\u00e3o em Educa\u00e7\u00e3o (inED).<\/p>\n\n\n\n<p style=\"padding-top:var(--wp--preset--spacing--20);padding-bottom:var(--wp--preset--spacing--20)\"><\/p>\n\n\n\n<p class=\"has-text-align-left has-vollkorn-font-family has-medium-font-size\" style=\"padding-top:var(--wp--preset--spacing--20);padding-bottom:var(--wp--preset--spacing--20)\"><a href=\"https:\/\/www.cienciavitae.pt\/portal\/8C15-8458-4F16\" data-type=\"link\" data-id=\"https:\/\/www.cienciavitae.pt\/portal\/8C15-8458-4F16\"><strong>Hugo Monteiro<\/strong><\/a><\/p>\n\n\n\n<p class=\"has-text-align-left has-vollkorn-font-family has-medium-font-size\" style=\"padding-top:var(--wp--preset--spacing--20);padding-bottom:var(--wp--preset--spacing--20)\">Instituto Polit\u00e9cnico do Porto \u2013 Escola Superior de Educa\u00e7\u00e3o. Instituto de Filosofia da Universidade do Porto (IF)<\/p>\n\n\n\n<p style=\"padding-top:var(--wp--preset--spacing--20);padding-bottom:var(--wp--preset--spacing--20)\"><\/p>\n\n\n\n<p class=\"has-text-align-left has-vollkorn-font-family has-medium-font-size\" style=\"padding-top:var(--wp--preset--spacing--20);padding-bottom:var(--wp--preset--spacing--20)\"><a href=\"https:\/\/www.cienciavitae.pt\/\/141B-8823-941E\" data-type=\"link\" data-id=\"https:\/\/www.cienciavitae.pt\/\/141B-8823-941E\"><strong>Maria Jo\u00e3o Antunes<\/strong><\/a><\/p>\n\n\n\n<p class=\"has-text-align-left has-vollkorn-font-family has-medium-font-size\" style=\"padding-top:var(--wp--preset--spacing--20);padding-bottom:var(--wp--preset--spacing--20)\">Instituto Polit\u00e9cnico do Porto \u2013 Escola Superior de Educa\u00e7\u00e3o. Centro de Investiga\u00e7\u00e3o em Estudos da Crian\u00e7a da Universidade do Minho (CIEC-UM)<\/p>\n\n\n\n<p style=\"padding-top:var(--wp--preset--spacing--20);padding-bottom:var(--wp--preset--spacing--20)\"><\/p>\n\n\n\n<hr class=\"wp-block-separator has-alpha-channel-opacity\"\/>\n<\/div>\n<\/div>\n\n\n\n<div style=\"height:100px\" aria-hidden=\"true\" class=\"wp-block-spacer\"><\/div>\n\n\n\n<div class=\"wp-block-group has-global-padding is-layout-constrained wp-block-group-is-layout-constrained\">\n<p class=\"has-text-align-left has-vollkorn-font-family has-large-font-size\"><strong>Equipa<\/strong><\/p>\n\n\n\n<div style=\"height:51px\" aria-hidden=\"true\" class=\"wp-block-spacer\"><\/div>\n\n\n\n<p class=\"has-text-align-left has-vollkorn-font-family has-medium-font-size\" style=\"padding-top:var(--wp--preset--spacing--20);padding-bottom:var(--wp--preset--spacing--20)\"><a href=\"https:\/\/www.cienciavitae.pt\/portal\/AC16-28A8-0B48\" data-type=\"link\" data-id=\"https:\/\/www.cienciavitae.pt\/portal\/AC16-28A8-0B48\"><strong>Ana Lu\u00edsa Costa<\/strong><\/a><\/p>\n\n\n\n<p class=\"has-text-align-left has-vollkorn-font-family has-medium-font-size\" style=\"padding-top:var(--wp--preset--spacing--20);padding-bottom:var(--wp--preset--spacing--20)\">Universidade do Porto \u2013 Faculdade de Psicologia e de Ci\u00eancias da Educa\u00e7\u00e3o da Universidade do Porto. Centro de Investiga\u00e7\u00e3o e Interven\u00e7\u00e3o Educativas&nbsp; (CIIE).<\/p>\n\n\n\n<p style=\"padding-top:var(--wp--preset--spacing--20);padding-bottom:var(--wp--preset--spacing--20)\"><\/p>\n\n\n\n<p class=\"has-text-align-left has-vollkorn-font-family has-medium-font-size\" style=\"padding-top:var(--wp--preset--spacing--20);padding-bottom:var(--wp--preset--spacing--20)\"><a href=\"https:\/\/www.cienciavitae.pt\/portal\/A110-4172-2B6A\" data-type=\"link\" data-id=\"https:\/\/www.cienciavitae.pt\/portal\/A110-4172-2B6A\"><strong>Ana Bert\u00e3o<\/strong><\/a><\/p>\n\n\n\n<p class=\"has-text-align-left has-vollkorn-font-family has-medium-font-size\" style=\"padding-top:var(--wp--preset--spacing--20);padding-bottom:var(--wp--preset--spacing--20)\">Instituto Polit\u00e9cnico do Porto \u2013 Escola Superior de Educa\u00e7\u00e3o. Centro de Investiga\u00e7\u00e3o e Inova\u00e7\u00e3o em Educa\u00e7\u00e3o (inED)<\/p>\n\n\n\n<p style=\"padding-top:var(--wp--preset--spacing--20);padding-bottom:var(--wp--preset--spacing--20)\"><\/p>\n\n\n\n<p class=\"has-text-align-left has-vollkorn-font-family has-medium-font-size\" style=\"padding-top:var(--wp--preset--spacing--20);padding-bottom:var(--wp--preset--spacing--20)\"><a href=\"https:\/\/www.cienciavitae.pt\/portal\/DD14-6107-1EFE\" data-type=\"link\" data-id=\"https:\/\/www.cienciavitae.pt\/portal\/DD14-6107-1EFE\"><strong>C\u00e1tia Rocha<\/strong><\/a><\/p>\n\n\n\n<p class=\"has-text-align-left has-vollkorn-font-family has-medium-font-size\" style=\"padding-top:var(--wp--preset--spacing--20);padding-bottom:var(--wp--preset--spacing--20)\">Instituto Polit\u00e9cnico do Porto \u2013 Centro de Investiga\u00e7\u00e3o e Inova\u00e7\u00e3o em Educa\u00e7\u00e3o &nbsp;(inED)<\/p>\n\n\n\n<p style=\"padding-top:var(--wp--preset--spacing--20);padding-bottom:var(--wp--preset--spacing--20)\"><\/p>\n\n\n\n<p class=\"has-text-align-left has-vollkorn-font-family has-medium-font-size\" style=\"padding-top:var(--wp--preset--spacing--20);padding-bottom:var(--wp--preset--spacing--20)\"><a href=\"https:\/\/www.cienciavitae.pt\/portal\/en\/1112-15A2-F560\" data-type=\"link\" data-id=\"https:\/\/www.cienciavitae.pt\/portal\/en\/1112-15A2-F560\"><strong>Joana Cruz<\/strong><\/a><\/p>\n\n\n\n<p class=\"has-text-align-left has-vollkorn-font-family has-medium-font-size\" style=\"padding-top:var(--wp--preset--spacing--20);padding-bottom:var(--wp--preset--spacing--20)\">Universidade do Porto \u2013 Faculdade de Psicologia e de Ci\u00eancias da Educa\u00e7\u00e3o da Universidade do Porto. Centro de Investiga\u00e7\u00e3o e Interven\u00e7\u00e3o Educativas (CIIE)<\/p>\n\n\n\n<p style=\"padding-top:var(--wp--preset--spacing--20);padding-bottom:var(--wp--preset--spacing--20)\"><\/p>\n\n\n\n<p class=\"has-text-align-left has-vollkorn-font-family has-medium-font-size\" style=\"padding-top:var(--wp--preset--spacing--20);padding-bottom:var(--wp--preset--spacing--20)\"><a href=\"https:\/\/www.cienciavitae.pt\/portal\/121E-0B29-DD0E\" data-type=\"link\" data-id=\"https:\/\/www.cienciavitae.pt\/portal\/121E-0B29-DD0E\"><strong>Joana Dias Pereira<\/strong><\/a><\/p>\n\n\n\n<p class=\"has-text-align-left has-vollkorn-font-family has-medium-font-size\" style=\"padding-top:var(--wp--preset--spacing--20);padding-bottom:var(--wp--preset--spacing--20)\">Universidade Nova de Lisboa \u2013 Faculdade de Ci\u00eancias Sociais e Humanas. Instituto de Hist\u00f3ria Contempor\u00e2nea (IHC)<\/p>\n\n\n\n<p style=\"padding-top:var(--wp--preset--spacing--20);padding-bottom:var(--wp--preset--spacing--20)\"><\/p>\n\n\n\n<p class=\"has-text-align-left has-vollkorn-font-family has-medium-font-size\" style=\"padding-top:var(--wp--preset--spacing--20);padding-bottom:var(--wp--preset--spacing--20)\"><a href=\"https:\/\/www.cienciavitae.pt\/0116-680D-C431\" data-type=\"link\" data-id=\"https:\/\/www.cienciavitae.pt\/0116-680D-C431\"><strong>Jo\u00e3o Teixeira Lopes<\/strong><\/a><\/p>\n\n\n\n<p class=\"has-text-align-left has-vollkorn-font-family has-medium-font-size\" style=\"padding-top:var(--wp--preset--spacing--20);padding-bottom:var(--wp--preset--spacing--20)\">Universidade do Porto \u2013 Faculdade de Letras da Universidade do Porto. Instituto de Sociologia (IS-UP)<\/p>\n\n\n\n<p style=\"padding-top:var(--wp--preset--spacing--20);padding-bottom:var(--wp--preset--spacing--20)\"><\/p>\n\n\n\n<p class=\"has-text-align-left has-vollkorn-font-family has-medium-font-size\" style=\"padding-top:var(--wp--preset--spacing--20);padding-bottom:var(--wp--preset--spacing--20)\"><a href=\"https:\/\/www.cienciavitae.pt\/portal\/en\/F91E-3F5C-FBC0\" data-type=\"link\" data-id=\"https:\/\/www.cienciavitae.pt\/portal\/en\/F91E-3F5C-FBC0\"><strong>Teresa Martins<\/strong><\/a><\/p>\n\n\n\n<p class=\"has-text-align-left has-vollkorn-font-family has-medium-font-size\" style=\"padding-top:var(--wp--preset--spacing--20);padding-bottom:var(--wp--preset--spacing--20)\">Instituto Polit\u00e9cnico do Porto \u2013 Escola Superior de Educa\u00e7\u00e3o. Centro de Investiga\u00e7\u00e3o e Inova\u00e7\u00e3o em Educa\u00e7\u00e3o (inED)<\/p>\n<\/div>\n\n\n\n<hr class=\"wp-block-separator has-alpha-channel-opacity\"\/>\n\n\n\n<p><\/p>\n\n\n\n<div style=\"height:100px\" aria-hidden=\"true\" class=\"wp-block-spacer\"><\/div>\n\n\n\n<p class=\"has-text-align-left has-vollkorn-font-family has-large-font-size\"><strong>Consultores<\/strong><\/p>\n\n\n\n<div style=\"height:46px\" aria-hidden=\"true\" class=\"wp-block-spacer\"><\/div>\n\n\n\n<p class=\"has-text-align-left has-vollkorn-font-family has-medium-font-size\" style=\"padding-top:var(--wp--preset--spacing--30);padding-bottom:var(--wp--preset--spacing--30)\"><strong>Paul Richard Thompson\u00a0<\/strong><\/p>\n\n\n\n<p class=\"has-text-align-left has-vollkorn-font-family has-medium-font-size\" style=\"padding-top:var(--wp--preset--spacing--30);padding-bottom:var(--wp--preset--spacing--30);line-height:2\">A obra de Paul Thompson \u00e9 uma refer\u00eancia internacional nas \u00e1reas fundamentais deste projeto, tanto no seu sentido metodol\u00f3gico, como epistemol\u00f3gico e disciplinar. Em 1969, Paul Thompson foi o fundador da revista <em>Oral History<\/em>, publicada pela <em>Oral History Society<\/em>, este fundou tamb\u00e9m a <em>National Life Stories<\/em> na <em>British Library<\/em>, que \u00e9 uma base para projetos e arquivo, com um trabalho central sobre contextos associativos populares [e.g.\u00a0<em>The Voice of the Past<\/em>\u00a0(Oxford University Press 4th edition 2017)], Paul Thompson desempenha um papel central de orienta\u00e7\u00e3o e avalia\u00e7\u00e3o deste projeto. \u00c9 um pioneiro da hist\u00f3ria oral na Europa, quer como m\u00e9todo de investiga\u00e7\u00e3o social, quer como movimento social. Os temas dos seus livros v\u00e3o desde as comunidades piscat\u00f3rias escocesas aos trabalhadores do setor financeiro em Londres. A sua obra\u00a0<em>The Voice of the Past\u00a0<\/em>(Oxford University Press, 4.\u00aa edi\u00e7\u00e3o, 2017) \u00e9 um cl\u00e1ssico internacional. Mais recentemente, com Ken Plummer e Neli Demireva, publicou\u00a0<em>Pioneering Social Research: Memories of a Generation<\/em>\u00a0(Bristol University Press &amp; University of Chicago Press, 2021).\u00a0\u00a0<\/p>\n\n\n\n<p class=\"has-text-align-left has-vollkorn-font-family has-medium-font-size\" style=\"padding-top:var(--wp--preset--spacing--30);padding-bottom:var(--wp--preset--spacing--30)\"><strong>Breno Bringel&nbsp;<\/strong><\/p>\n\n\n\n<p class=\"has-text-align-left has-vollkorn-font-family has-medium-font-size\" style=\"padding-top:var(--wp--preset--spacing--30);padding-bottom:var(--wp--preset--spacing--30);line-height:2\">\u00c9 professor associado do IESP-UERJ, onde atua nos Programas de P\u00f3s-Gradua\u00e7\u00e3o em Ci\u00eancia Pol\u00edtica e Sociologia e co-coordena o N\u00facleo de Estudos de Teoria Social e Am\u00e9rica Latina (NETSAL). Foi professor convidado em mais de uma dezena de universidades na Am\u00e9rica Latina e na Europa. \u00c9 atualmente presidente do Comit\u00e9 de Investiga\u00e7\u00e3o sobre Classes Sociais e Movimentos Sociais da Associa\u00e7\u00e3o Internacional de Sociologia (ISA) e diretor da Associa\u00e7\u00e3o Latino-Americana de Sociologia (ALAS). \u00c9 membro do <em>Grupo Permamente de Alternativas al Desarrollo<\/em> e impulsionador de v\u00e1rias iniciativas de liga\u00e7\u00e3o entre movimentos sociais e universidades. Fundador e editor, com Geoffrey Pleyers, de <em>Open Movements (Democracia Aberta)<\/em> e colunista e membro do comit\u00e9 consultivo de Latinoam\u00e9rica 21. Trabalha principalmente nos dom\u00ednios da sociologia pol\u00edtica, da teoria social e da sociologia latino-americana.&nbsp;<\/p>\n\n\n\n<p><\/p>\n","protected":false},"excerpt":{"rendered":"<p>Equipa de investiga\u00e7\u00e3o Coordena\u00e7\u00e3o Isabel Tim\u00f3teo \u2013 Investigadora respons\u00e1vel&nbsp;&nbsp; Instituto Polit\u00e9cnico do Porto \u2013 Escola Superior de Educa\u00e7\u00e3o. Centro de Investiga\u00e7\u00e3o e Inova\u00e7\u00e3o em Educa\u00e7\u00e3o (inED). Hugo Monteiro Instituto Polit\u00e9cnico do Porto \u2013 Escola Superior de Educa\u00e7\u00e3o. Instituto de Filosofia da Universidade do Porto (IF) Maria Jo\u00e3o Antunes Instituto Polit\u00e9cnico do Porto \u2013 Escola Superior [&hellip;]<\/p>\n","protected":false},"author":2,"featured_media":0,"parent":0,"menu_order":3,"comment_status":"closed","ping_status":"closed","template":"","meta":{"footnotes":""},"class_list":["post-32","page","type-page","status-publish","hentry"],"_links":{"self":[{"href":"https:\/\/abrilpopular.ese.ipp.pt\/index.php?rest_route=\/wp\/v2\/pages\/32","targetHints":{"allow":["GET"]}}],"collection":[{"href":"https:\/\/abrilpopular.ese.ipp.pt\/index.php?rest_route=\/wp\/v2\/pages"}],"about":[{"href":"https:\/\/abrilpopular.ese.ipp.pt\/index.php?rest_route=\/wp\/v2\/types\/page"}],"author":[{"embeddable":true,"href":"https:\/\/abrilpopular.ese.ipp.pt\/index.php?rest_route=\/wp\/v2\/users\/2"}],"replies":[{"embeddable":true,"href":"https:\/\/abrilpopular.ese.ipp.pt\/index.php?rest_route=%2Fwp%2Fv2%2Fcomments&post=32"}],"version-history":[{"count":28,"href":"https:\/\/abrilpopular.ese.ipp.pt\/index.php?rest_route=\/wp\/v2\/pages\/32\/revisions"}],"predecessor-version":[{"id":775,"href":"https:\/\/abrilpopular.ese.ipp.pt\/index.php?rest_route=\/wp\/v2\/pages\/32\/revisions\/775"}],"wp:attachment":[{"href":"https:\/\/abrilpopular.ese.ipp.pt\/index.php?rest_route=%2Fwp%2Fv2%2Fmedia&parent=32"}],"curies":[{"name":"wp","href":"https:\/\/api.w.org\/{rel}","templated":true}]}}