{"id":29,"date":"2025-02-04T15:21:37","date_gmt":"2025-02-04T15:21:37","guid":{"rendered":"https:\/\/abrilpopular.ese.ipp.pt\/?page_id=29"},"modified":"2025-03-15T00:04:35","modified_gmt":"2025-03-15T00:04:35","slug":"apresentacao","status":"publish","type":"page","link":"https:\/\/abrilpopular.ese.ipp.pt\/?page_id=29","title":{"rendered":"Apresenta\u00e7\u00e3o"},"content":{"rendered":"\n<div class=\"wp-block-group is-nowrap is-layout-flex wp-container-core-group-is-layout-6c531013 wp-block-group-is-layout-flex\"><div class=\"wp-block-site-logo\"><a href=\"https:\/\/abrilpopular.ese.ipp.pt\/\" class=\"custom-logo-link\" rel=\"home\"><img loading=\"lazy\" decoding=\"async\" width=\"36\" height=\"36\" src=\"https:\/\/abrilpopular.ese.ipp.pt\/wp-content\/uploads\/2025\/02\/cropped-Abril_cores.png\" class=\"custom-logo\" alt=\"Associa\u00e7\u00f5es Populares de Abril no Porto\" srcset=\"https:\/\/abrilpopular.ese.ipp.pt\/wp-content\/uploads\/2025\/02\/cropped-Abril_cores.png 512w, https:\/\/abrilpopular.ese.ipp.pt\/wp-content\/uploads\/2025\/02\/cropped-Abril_cores-300x300.png 300w, https:\/\/abrilpopular.ese.ipp.pt\/wp-content\/uploads\/2025\/02\/cropped-Abril_cores-150x150.png 150w, https:\/\/abrilpopular.ese.ipp.pt\/wp-content\/uploads\/2025\/02\/cropped-Abril_cores-270x270.png 270w, https:\/\/abrilpopular.ese.ipp.pt\/wp-content\/uploads\/2025\/02\/cropped-Abril_cores-192x192.png 192w, https:\/\/abrilpopular.ese.ipp.pt\/wp-content\/uploads\/2025\/02\/cropped-Abril_cores-180x180.png 180w, https:\/\/abrilpopular.ese.ipp.pt\/wp-content\/uploads\/2025\/02\/cropped-Abril_cores-32x32.png 32w\" sizes=\"auto, (max-width: 36px) 100vw, 36px\" \/><\/a><\/div>\n\n\n<h2 class=\"wp-block-heading has-x-large-font-size\"><strong>Apresenta\u00e7\u00e3o<\/strong><\/h2>\n<\/div>\n\n\n\n<div class=\"wp-block-group alignfull has-global-padding is-layout-constrained wp-container-core-group-is-layout-c515ca60 wp-block-group-is-layout-constrained\">\n<div class=\"wp-block-columns is-layout-flex wp-container-core-columns-is-layout-28f84493 wp-block-columns-is-layout-flex\">\n<div class=\"wp-block-column is-layout-flow wp-block-column-is-layout-flow\" style=\"flex-basis:100%\">\n<div class=\"wp-block-group alignwide is-vertical is-layout-flex wp-container-core-group-is-layout-93e288e8 wp-block-group-is-layout-flex\" style=\"margin-top:var(--wp--preset--spacing--30);margin-bottom:var(--wp--preset--spacing--30);padding-top:var(--wp--preset--spacing--20);padding-bottom:var(--wp--preset--spacing--20)\">\n<div class=\"wp-block-columns alignfull is-style-section-2 is-layout-flex wp-container-core-columns-is-layout-d9884270 wp-block-columns-is-layout-flex is-style-section-2--1\" style=\"padding-top:0;padding-bottom:0\">\n<div class=\"wp-block-column is-layout-flow wp-block-column-is-layout-flow\" style=\"flex-basis:50%\">\n<div class=\"wp-block-cover has-custom-content-position is-position-top-right\" style=\"min-height:516px;aspect-ratio:unset;\"><span aria-hidden=\"true\" class=\"wp-block-cover__background has-background-dim-0 has-background-dim\" style=\"background-color:#6f6f6f\"><\/span><img loading=\"lazy\" decoding=\"async\" width=\"2560\" height=\"1714\" class=\"wp-block-cover__image-background wp-image-191\" alt=\"\" src=\"https:\/\/abrilpopular.ese.ipp.pt\/wp-content\/uploads\/2025\/02\/lomba-editada-scaled.jpg\" style=\"object-position:60% 50%\" data-object-fit=\"cover\" data-object-position=\"60% 50%\" srcset=\"https:\/\/abrilpopular.ese.ipp.pt\/wp-content\/uploads\/2025\/02\/lomba-editada-scaled.jpg 2560w, https:\/\/abrilpopular.ese.ipp.pt\/wp-content\/uploads\/2025\/02\/lomba-editada-300x201.jpg 300w, https:\/\/abrilpopular.ese.ipp.pt\/wp-content\/uploads\/2025\/02\/lomba-editada-1024x685.jpg 1024w, https:\/\/abrilpopular.ese.ipp.pt\/wp-content\/uploads\/2025\/02\/lomba-editada-768x514.jpg 768w, https:\/\/abrilpopular.ese.ipp.pt\/wp-content\/uploads\/2025\/02\/lomba-editada-1536x1028.jpg 1536w, https:\/\/abrilpopular.ese.ipp.pt\/wp-content\/uploads\/2025\/02\/lomba-editada-2048x1371.jpg 2048w\" sizes=\"auto, (max-width: 2560px) 100vw, 2560px\" \/><div class=\"wp-block-cover__inner-container is-layout-flow wp-block-cover-is-layout-flow\">\n<p class=\"has-text-align-center has-large-font-size\"><\/p>\n<\/div><\/div>\n\n\n\n<figure class=\"wp-block-image size-full\"><img loading=\"lazy\" decoding=\"async\" width=\"791\" height=\"551\" src=\"https:\/\/abrilpopular.ese.ipp.pt\/wp-content\/uploads\/2025\/02\/andst-3.jpg\" alt=\"\" class=\"wp-image-350\" srcset=\"https:\/\/abrilpopular.ese.ipp.pt\/wp-content\/uploads\/2025\/02\/andst-3.jpg 791w, https:\/\/abrilpopular.ese.ipp.pt\/wp-content\/uploads\/2025\/02\/andst-3-300x209.jpg 300w, https:\/\/abrilpopular.ese.ipp.pt\/wp-content\/uploads\/2025\/02\/andst-3-768x535.jpg 768w\" sizes=\"auto, (max-width: 791px) 100vw, 791px\" \/><\/figure>\n\n\n\n<figure class=\"wp-block-image size-large\"><img loading=\"lazy\" decoding=\"async\" width=\"1024\" height=\"771\" src=\"https:\/\/abrilpopular.ese.ipp.pt\/wp-content\/uploads\/2025\/02\/UPP1-1-1024x771.jpg\" alt=\"\" class=\"wp-image-348\" srcset=\"https:\/\/abrilpopular.ese.ipp.pt\/wp-content\/uploads\/2025\/02\/UPP1-1-1024x771.jpg 1024w, https:\/\/abrilpopular.ese.ipp.pt\/wp-content\/uploads\/2025\/02\/UPP1-1-300x226.jpg 300w, https:\/\/abrilpopular.ese.ipp.pt\/wp-content\/uploads\/2025\/02\/UPP1-1-768x578.jpg 768w, https:\/\/abrilpopular.ese.ipp.pt\/wp-content\/uploads\/2025\/02\/UPP1-1-1536x1157.jpg 1536w, https:\/\/abrilpopular.ese.ipp.pt\/wp-content\/uploads\/2025\/02\/UPP1-1-2048x1542.jpg 2048w\" sizes=\"auto, (max-width: 1024px) 100vw, 1024px\" \/><\/figure>\n\n\n\n<div class=\"wp-block-cover\"><span aria-hidden=\"true\" class=\"wp-block-cover__background has-background-dim\" style=\"background-color:#817b7b\"><\/span><img loading=\"lazy\" decoding=\"async\" width=\"2560\" height=\"1714\" class=\"wp-block-cover__image-background wp-image-352\" alt=\"\" src=\"https:\/\/abrilpopular.ese.ipp.pt\/wp-content\/uploads\/2025\/02\/foto-10-of-11-2-scaled.jpg\" data-object-fit=\"cover\" srcset=\"https:\/\/abrilpopular.ese.ipp.pt\/wp-content\/uploads\/2025\/02\/foto-10-of-11-2-scaled.jpg 2560w, https:\/\/abrilpopular.ese.ipp.pt\/wp-content\/uploads\/2025\/02\/foto-10-of-11-2-300x201.jpg 300w, https:\/\/abrilpopular.ese.ipp.pt\/wp-content\/uploads\/2025\/02\/foto-10-of-11-2-1024x686.jpg 1024w, https:\/\/abrilpopular.ese.ipp.pt\/wp-content\/uploads\/2025\/02\/foto-10-of-11-2-768x514.jpg 768w, https:\/\/abrilpopular.ese.ipp.pt\/wp-content\/uploads\/2025\/02\/foto-10-of-11-2-1536x1028.jpg 1536w, https:\/\/abrilpopular.ese.ipp.pt\/wp-content\/uploads\/2025\/02\/foto-10-of-11-2-2048x1371.jpg 2048w\" sizes=\"auto, (max-width: 2560px) 100vw, 2560px\" \/><div class=\"wp-block-cover__inner-container is-layout-flow wp-block-cover-is-layout-flow\">\n<p class=\"has-text-align-center has-large-font-size\"><\/p>\n<\/div><\/div>\n<\/div>\n\n\n\n<div class=\"wp-block-column is-layout-flow wp-block-column-is-layout-flow\" style=\"flex-basis:50%\">\n<div class=\"wp-block-group is-vertical is-content-justification-stretch is-layout-flex wp-container-core-group-is-layout-098fff0a wp-block-group-is-layout-flex\" style=\"min-height:33vh;padding-top:var(--wp--preset--spacing--50);padding-right:var(--wp--preset--spacing--50);padding-bottom:var(--wp--preset--spacing--50);padding-left:var(--wp--preset--spacing--50)\">\n<p class=\"has-vollkorn-font-family\" style=\"line-height:2\">O Projeto <strong>\u201cAprilGrassroots: Construir a Democracia Participativa \u2013 Associa\u00e7\u00f5es populares de Abril no Porto\u201d<\/strong> \u00e9 financiado por fundos nacionais atrav\u00e9s da Funda\u00e7\u00e3o Ci\u00eancia e Tecnologia, I.P. (FCT), pela linha concursal \u00abO 25 de Abril e a democracia portuguesa\u00bb. Teve in\u00edcio em setembro de 2024 e termina em fevereiro de 2026.&nbsp;<\/p>\n\n\n\n<p class=\"has-vollkorn-font-family\" style=\"line-height:2\"><\/p>\n\n\n\n<p class=\"has-vollkorn-font-family\" style=\"line-height:2\">\u00c9 um projeto do Centro de Investiga\u00e7\u00e3o e Inova\u00e7\u00e3o em Educa\u00e7\u00e3o (inED), desenvolvido em colabora\u00e7\u00e3o com as Associa\u00e7\u00f5es de Abril parceiras &#8211; <strong>\u202fUniversidade Popular do Porto (UPP), Associa\u00e7\u00e3o Nacional dos Deficientes Sinistrados no Trabalho (ANDST)<\/strong> e <strong>Associa\u00e7\u00e3o de Moradores da Lomba (AML)\u202f<\/strong>&#8211; e ainda com o Instituto de Sociologia da Faculdade de Letras da Universidade do Porto (IS-UP), o Centro de Investiga\u00e7\u00e3o e Interven\u00e7\u00e3o Educativas da Faculdade de Psicologia e de Ci\u00eancias da Educa\u00e7\u00e3o da Universidade do Porto (CIIE), o Instituto de Filosofia da Universidade do Porto (IF) e com o Instituto de Hist\u00f3ria Contempor\u00e2nea da Universidade Nova de Lisboa (IHC).&nbsp;<\/p>\n\n\n\n<div style=\"height:39px\" aria-hidden=\"true\" class=\"wp-block-spacer wp-container-content-d5d6ef74\"><\/div>\n\n\n\n<p class=\"has-vollkorn-font-family\"><strong>Resumo do projeto\u00a0<\/strong><\/p>\n\n\n\n<p class=\"has-vollkorn-font-family\" style=\"line-height:2\">A tradi\u00e7\u00e3o associativa portuguesa, cujas ra\u00edzes remontam ao s\u00e9culo XIX e que conheceu uma importante expans\u00e3o na Primeira Rep\u00fablica (1910-1926) ligada ao movimento oper\u00e1rio e aos ideais socialistas, resistiu ao controlo repressivo da a\u00e7\u00e3o associativa pela ditadura e, em alguns casos, constituiu mesmo um espa\u00e7o de pr\u00e1ticas de liberdade e de livre aprendizagem do projeto ideol\u00f3gico do regime. Estas din\u00e2micas de resist\u00eancia foram amplificadas a um n\u00edvel sem precedentes na explos\u00e3o de liberdades trazida pela revolu\u00e7\u00e3o de abril.&nbsp;<\/p>\n\n\n\n<p><\/p>\n\n\n\n<p class=\"has-vollkorn-font-family\" style=\"line-height:2\">A n\u00edvel local, a investiga\u00e7\u00e3o sobre este tipo de contextos carece ainda de aten\u00e7\u00e3o, nomeadamente no que diz respeito aos pressupostos educativos, sociais, pol\u00edticos e culturais que permanecem nestas institui\u00e7\u00f5es subsidi\u00e1rias de Abril, quer na sua heran\u00e7a e na sua atividade atual, quer na sua sociabilidade e patrim\u00f3nio simb\u00f3lico. Subsidi\u00e1rias das emerg\u00eancias sociais de um tempo hist\u00f3rico decisivo, o movimento associativo n\u00e3o \u00e9 apenas uma circunst\u00e2ncia. Como organismo social vivo, o movimento associativo molda a sociabilidade, produz, valida e arquiva saberes e organiza solidariedades em contextos particularmente afectados pelo recuo do Estado-provid\u00eancia. As associa\u00e7\u00f5es locais assumem caracter\u00edsticas que as validam como inst\u00e2ncias de educa\u00e7\u00e3o n\u00e3o formal, para al\u00e9m de serem \u00edndices culturais e hist\u00f3ricos de 50 anos de democracia.&nbsp;&nbsp;<\/p>\n\n\n\n<p><\/p>\n\n\n\n<p class=\"has-vollkorn-font-family\" style=\"line-height:2\">O objetivo deste projeto \u00e9 contribuir para esse conhecimento sociol\u00f3gico, hist\u00f3rico e educativo sobre o movimento associativo popular do Porto na sua rela\u00e7\u00e3o com a revolu\u00e7\u00e3o do 25 de Abril e a consolida\u00e7\u00e3o democr\u00e1tica portuguesa, e, especificamente, sobre os desenvolvimentos e desafios associativos enfrentados pelas associa\u00e7\u00f5es populares do Porto criadas durante o PREC e nos primeiros anos ap\u00f3s a aprova\u00e7\u00e3o da Constitui\u00e7\u00e3o da Rep\u00fablica Portuguesa. <strong>O projeto baseia-se em tr\u00eas estudos de caso &#8211; Universidade Popular do Porto, Associa\u00e7\u00e3o Nacional dos Deficientes Sinistrados no Trabalho e Associa\u00e7\u00e3o de Moradores da Lomba <\/strong>\u2013 constitu\u00eddos a partir do patrim\u00f3nio de interven\u00e7\u00e3o social e educativa desenvolvido na forma\u00e7\u00e3o de Educadores Sociais da Escola Superior de Educa\u00e7\u00e3o do Porto.&nbsp;<\/p>\n\n\n\n<p class=\"has-vollkorn-font-family\" style=\"line-height:2\">Passadas quase cinco d\u00e9cadas, estas associa\u00e7\u00f5es mant\u00eam-se ativas e reivindicam o legado democr\u00e1tico da Revolu\u00e7\u00e3o de Abril, o que justifica um estudo detalhado da sua hist\u00f3ria e pr\u00e1ticas associativas.&nbsp;&nbsp;<\/p>\n\n\n\n<p><\/p>\n\n\n\n<p class=\"has-vollkorn-font-family\" style=\"line-height:2\">Em linha com Rodrigues (2015), importa questionar em que medida as ra\u00edzes da mobiliza\u00e7\u00e3o popular se mant\u00eam nestas associa\u00e7\u00f5es, a que n\u00edvel, com que intensidade e com que novas din\u00e2micas. Por outro lado, o projeto visa tamb\u00e9m preservar uma hist\u00f3ria social e coletiva do associativismo popular a norte do pa\u00eds ainda pouco estudada e conhecida, embora fundamental para a compreens\u00e3o e evolu\u00e7\u00e3o da democracia portuguesa nos \u00faltimos 50 anos. Para responder a este objetivo, o projeto recorre tamb\u00e9m \u00e0 metodologia da hist\u00f3ria oral, visando recolher testemunhos orais e parte dos arquivos destas associa\u00e7\u00f5es, disponibilizando estes dados \u00e0 comunidade acad\u00e9mica e ao p\u00fablico em geral.&nbsp;<\/p>\n<\/div>\n<\/div>\n<\/div>\n\n\n<\/div>\n<\/div>\n<\/div>\n<\/div>\n\n\n\n<p><\/p>\n","protected":false},"excerpt":{"rendered":"<p>O Projeto \u201cAprilGrassroots: Construir a Democracia Participativa \u2013 Associa\u00e7\u00f5es populares de Abril no Porto\u201d \u00e9 financiado por fundos nacionais atrav\u00e9s da Funda\u00e7\u00e3o Ci\u00eancia e Tecnologia, I.P. (FCT), pela linha concursal \u00abO 25 de Abril e a democracia portuguesa\u00bb. Teve in\u00edcio em setembro de 2024 e termina em fevereiro de 2026.&nbsp; \u00c9 um projeto do Centro [&hellip;]<\/p>\n","protected":false},"author":2,"featured_media":0,"parent":0,"menu_order":2,"comment_status":"closed","ping_status":"closed","template":"","meta":{"footnotes":""},"class_list":["post-29","page","type-page","status-publish","hentry"],"_links":{"self":[{"href":"https:\/\/abrilpopular.ese.ipp.pt\/index.php?rest_route=\/wp\/v2\/pages\/29","targetHints":{"allow":["GET"]}}],"collection":[{"href":"https:\/\/abrilpopular.ese.ipp.pt\/index.php?rest_route=\/wp\/v2\/pages"}],"about":[{"href":"https:\/\/abrilpopular.ese.ipp.pt\/index.php?rest_route=\/wp\/v2\/types\/page"}],"author":[{"embeddable":true,"href":"https:\/\/abrilpopular.ese.ipp.pt\/index.php?rest_route=\/wp\/v2\/users\/2"}],"replies":[{"embeddable":true,"href":"https:\/\/abrilpopular.ese.ipp.pt\/index.php?rest_route=%2Fwp%2Fv2%2Fcomments&post=29"}],"version-history":[{"count":15,"href":"https:\/\/abrilpopular.ese.ipp.pt\/index.php?rest_route=\/wp\/v2\/pages\/29\/revisions"}],"predecessor-version":[{"id":619,"href":"https:\/\/abrilpopular.ese.ipp.pt\/index.php?rest_route=\/wp\/v2\/pages\/29\/revisions\/619"}],"wp:attachment":[{"href":"https:\/\/abrilpopular.ese.ipp.pt\/index.php?rest_route=%2Fwp%2Fv2%2Fmedia&parent=29"}],"curies":[{"name":"wp","href":"https:\/\/api.w.org\/{rel}","templated":true}]}}