{"id":21,"date":"2025-02-04T15:21:37","date_gmt":"2025-02-04T15:21:37","guid":{"rendered":"https:\/\/abrilpopular.ese.ipp.pt\/?page_id=21"},"modified":"2025-03-15T00:04:53","modified_gmt":"2025-03-15T00:04:53","slug":"associacoesabril","status":"publish","type":"page","link":"https:\/\/abrilpopular.ese.ipp.pt\/?page_id=21","title":{"rendered":"Associa\u00e7\u00f5es de Abril"},"content":{"rendered":"\n<div class=\"wp-block-group is-nowrap is-layout-flex wp-container-core-group-is-layout-6c531013 wp-block-group-is-layout-flex\"><div class=\"wp-block-site-logo\"><a href=\"https:\/\/abrilpopular.ese.ipp.pt\/\" class=\"custom-logo-link\" rel=\"home\"><img loading=\"lazy\" decoding=\"async\" width=\"36\" height=\"36\" src=\"https:\/\/abrilpopular.ese.ipp.pt\/wp-content\/uploads\/2025\/02\/cropped-Abril_cores.png\" class=\"custom-logo\" alt=\"Associa\u00e7\u00f5es Populares de Abril no Porto\" srcset=\"https:\/\/abrilpopular.ese.ipp.pt\/wp-content\/uploads\/2025\/02\/cropped-Abril_cores.png 512w, https:\/\/abrilpopular.ese.ipp.pt\/wp-content\/uploads\/2025\/02\/cropped-Abril_cores-300x300.png 300w, https:\/\/abrilpopular.ese.ipp.pt\/wp-content\/uploads\/2025\/02\/cropped-Abril_cores-150x150.png 150w, https:\/\/abrilpopular.ese.ipp.pt\/wp-content\/uploads\/2025\/02\/cropped-Abril_cores-270x270.png 270w, https:\/\/abrilpopular.ese.ipp.pt\/wp-content\/uploads\/2025\/02\/cropped-Abril_cores-192x192.png 192w, https:\/\/abrilpopular.ese.ipp.pt\/wp-content\/uploads\/2025\/02\/cropped-Abril_cores-180x180.png 180w, https:\/\/abrilpopular.ese.ipp.pt\/wp-content\/uploads\/2025\/02\/cropped-Abril_cores-32x32.png 32w\" sizes=\"auto, (max-width: 36px) 100vw, 36px\" \/><\/a><\/div>\n\n\n<h2 class=\"wp-block-heading has-x-large-font-size\"><strong>Associa\u00e7\u00f5es de Abril<\/strong><\/h2>\n<\/div>\n\n\n\n<div style=\"height:32px\" aria-hidden=\"true\" class=\"wp-block-spacer\"><\/div>\n\n\n\n<p class=\"has-text-align-left has-vollkorn-font-family has-medium-font-size\">O estatuto semi-perif\u00e9rico do pa\u00eds confere maior \u00eanfase \u00e0 educa\u00e7\u00e3o e \u00e0 cultura como eixos de constru\u00e7\u00e3o e consolida\u00e7\u00e3o da democracia (Santos &amp; Nunes, 2004; Stoer &amp; Ara\u00fajo, 1990). Mais ainda quando, durante o longo regime autorit\u00e1rio anterior a 1974, as institui\u00e7\u00f5es educativas e as comunidades estavam sujeitas ao controlo social e \u00e0 supress\u00e3o das liberdades (Cortes\u00e3o et al., 2014). <\/p>\n\n\n\n<div style=\"height:32px\" aria-hidden=\"true\" class=\"wp-block-spacer\"><\/div>\n\n\n\n<p class=\"has-text-align-left has-vollkorn-font-family has-medium-font-size\">As associa\u00e7\u00f5es populares formadas neste per\u00edodo hist\u00f3rico sobreviveram ao decl\u00ednio da participa\u00e7\u00e3o e a uma crise diagnosticada de ag\u00eancia cidad\u00e3 (Silva et al., 2022) e s\u00e3o ainda espa\u00e7os de sociabilidade, perman\u00eancia simb\u00f3lica e forma\u00e7\u00e3o de subjetividades pol\u00edticas. <\/p>\n\n\n\n<div style=\"height:32px\" aria-hidden=\"true\" class=\"wp-block-spacer\"><\/div>\n\n\n\n<p class=\"has-text-align-left has-vollkorn-font-family has-medium-font-size\">Este projeto pretende contribuir para o conhecimento sobre a participa\u00e7\u00e3o c\u00edvica e pol\u00edtica, permitindo compreender, do ponto de vista social, educativo e pol\u00edtico-cultural, o impacto de Abril nos movimentos populares que floresceram e continuam a existir.<\/p>\n\n\n\n<div style=\"height:32px\" aria-hidden=\"true\" class=\"wp-block-spacer\"><\/div>\n\n\n\n<p class=\"has-text-align-center has-large-font-size\"><\/p>\n\n\n\n<div class=\"wp-block-columns is-layout-flex wp-container-core-columns-is-layout-28f84493 wp-block-columns-is-layout-flex\">\n<div class=\"wp-block-column is-layout-flow wp-block-column-is-layout-flow\" style=\"flex-basis:100%\">\n<div class=\"wp-block-columns is-layout-flex wp-container-core-columns-is-layout-28f84493 wp-block-columns-is-layout-flex\">\n<div class=\"wp-block-column is-layout-flow wp-block-column-is-layout-flow\" style=\"flex-basis:100%\">\n<figure class=\"wp-block-gallery has-nested-images columns-default is-cropped wp-block-gallery-1 is-layout-flex wp-block-gallery-is-layout-flex\">\n<figure class=\"wp-block-image size-large\"><img loading=\"lazy\" decoding=\"async\" width=\"771\" height=\"1024\" data-id=\"198\" src=\"https:\/\/abrilpopular.ese.ipp.pt\/wp-content\/uploads\/2025\/02\/UPP4-771x1024.jpg\" alt=\"\" class=\"wp-image-198\" srcset=\"https:\/\/abrilpopular.ese.ipp.pt\/wp-content\/uploads\/2025\/02\/UPP4-771x1024.jpg 771w, https:\/\/abrilpopular.ese.ipp.pt\/wp-content\/uploads\/2025\/02\/UPP4-226x300.jpg 226w, https:\/\/abrilpopular.ese.ipp.pt\/wp-content\/uploads\/2025\/02\/UPP4-768x1020.jpg 768w, https:\/\/abrilpopular.ese.ipp.pt\/wp-content\/uploads\/2025\/02\/UPP4-1157x1536.jpg 1157w, https:\/\/abrilpopular.ese.ipp.pt\/wp-content\/uploads\/2025\/02\/UPP4-1542x2048.jpg 1542w, https:\/\/abrilpopular.ese.ipp.pt\/wp-content\/uploads\/2025\/02\/UPP4-scaled.jpg 1928w\" sizes=\"auto, (max-width: 771px) 100vw, 771px\" \/><\/figure>\n\n\n\n<figure class=\"wp-block-image size-large\"><img loading=\"lazy\" decoding=\"async\" width=\"1024\" height=\"685\" data-id=\"199\" src=\"https:\/\/abrilpopular.ese.ipp.pt\/wp-content\/uploads\/2025\/02\/foto-7-of-11-3-1024x685.jpg\" alt=\"\" class=\"wp-image-199\" srcset=\"https:\/\/abrilpopular.ese.ipp.pt\/wp-content\/uploads\/2025\/02\/foto-7-of-11-3-1024x685.jpg 1024w, https:\/\/abrilpopular.ese.ipp.pt\/wp-content\/uploads\/2025\/02\/foto-7-of-11-3-300x201.jpg 300w, https:\/\/abrilpopular.ese.ipp.pt\/wp-content\/uploads\/2025\/02\/foto-7-of-11-3-768x514.jpg 768w, https:\/\/abrilpopular.ese.ipp.pt\/wp-content\/uploads\/2025\/02\/foto-7-of-11-3-1536x1028.jpg 1536w, https:\/\/abrilpopular.ese.ipp.pt\/wp-content\/uploads\/2025\/02\/foto-7-of-11-3-2048x1371.jpg 2048w\" sizes=\"auto, (max-width: 1024px) 100vw, 1024px\" \/><\/figure>\n\n\n\n<figure class=\"wp-block-image size-large\"><img loading=\"lazy\" decoding=\"async\" width=\"1024\" height=\"685\" data-id=\"200\" src=\"https:\/\/abrilpopular.ese.ipp.pt\/wp-content\/uploads\/2025\/02\/foto-11-of-11-1-1024x685.jpg\" alt=\"\" class=\"wp-image-200\" srcset=\"https:\/\/abrilpopular.ese.ipp.pt\/wp-content\/uploads\/2025\/02\/foto-11-of-11-1-1024x685.jpg 1024w, https:\/\/abrilpopular.ese.ipp.pt\/wp-content\/uploads\/2025\/02\/foto-11-of-11-1-300x201.jpg 300w, https:\/\/abrilpopular.ese.ipp.pt\/wp-content\/uploads\/2025\/02\/foto-11-of-11-1-768x514.jpg 768w, https:\/\/abrilpopular.ese.ipp.pt\/wp-content\/uploads\/2025\/02\/foto-11-of-11-1-1536x1028.jpg 1536w, https:\/\/abrilpopular.ese.ipp.pt\/wp-content\/uploads\/2025\/02\/foto-11-of-11-1-2048x1371.jpg 2048w\" sizes=\"auto, (max-width: 1024px) 100vw, 1024px\" \/><\/figure>\n<\/figure>\n<\/div>\n<\/div>\n<\/div>\n<\/div>\n","protected":false},"excerpt":{"rendered":"<p>Associa\u00e7\u00f5es de Abril O estatuto semi-perif\u00e9rico do pa\u00eds confere maior \u00eanfase \u00e0 educa\u00e7\u00e3o e \u00e0 cultura como eixos de constru\u00e7\u00e3o e consolida\u00e7\u00e3o da democracia (Santos &amp; Nunes, 2004; Stoer &amp; Ara\u00fajo, 1990). Mais ainda quando, durante o longo regime autorit\u00e1rio anterior a 1974, as institui\u00e7\u00f5es educativas e as comunidades estavam sujeitas ao controlo social e [&hellip;]<\/p>\n","protected":false},"author":1,"featured_media":0,"parent":0,"menu_order":4,"comment_status":"closed","ping_status":"closed","template":"","meta":{"footnotes":""},"class_list":["post-21","page","type-page","status-publish","hentry"],"_links":{"self":[{"href":"https:\/\/abrilpopular.ese.ipp.pt\/index.php?rest_route=\/wp\/v2\/pages\/21","targetHints":{"allow":["GET"]}}],"collection":[{"href":"https:\/\/abrilpopular.ese.ipp.pt\/index.php?rest_route=\/wp\/v2\/pages"}],"about":[{"href":"https:\/\/abrilpopular.ese.ipp.pt\/index.php?rest_route=\/wp\/v2\/types\/page"}],"author":[{"embeddable":true,"href":"https:\/\/abrilpopular.ese.ipp.pt\/index.php?rest_route=\/wp\/v2\/users\/1"}],"replies":[{"embeddable":true,"href":"https:\/\/abrilpopular.ese.ipp.pt\/index.php?rest_route=%2Fwp%2Fv2%2Fcomments&post=21"}],"version-history":[{"count":8,"href":"https:\/\/abrilpopular.ese.ipp.pt\/index.php?rest_route=\/wp\/v2\/pages\/21\/revisions"}],"predecessor-version":[{"id":382,"href":"https:\/\/abrilpopular.ese.ipp.pt\/index.php?rest_route=\/wp\/v2\/pages\/21\/revisions\/382"}],"wp:attachment":[{"href":"https:\/\/abrilpopular.ese.ipp.pt\/index.php?rest_route=%2Fwp%2Fv2%2Fmedia&parent=21"}],"curies":[{"name":"wp","href":"https:\/\/api.w.org\/{rel}","templated":true}]}}