{"id":2,"date":"2025-02-04T15:21:37","date_gmt":"2025-02-04T15:21:37","guid":{"rendered":"https:\/\/abrilpopular.ese.ipp.pt\/?page_id=2"},"modified":"2025-03-17T20:36:35","modified_gmt":"2025-03-17T20:36:35","slug":"inicio","status":"publish","type":"page","link":"https:\/\/abrilpopular.ese.ipp.pt\/","title":{"rendered":"In\u00edcio"},"content":{"rendered":"\n<div class=\"wp-block-group alignwide has-global-padding is-layout-constrained wp-block-group-is-layout-constrained\">\n<div class=\"wp-block-cb-carousel alignwide cb-single-slide\" data-slick=\"{&quot;slidesToShow&quot;:1,&quot;slidesToScroll&quot;:1,&quot;speed&quot;:300,&quot;arrows&quot;:false,&quot;dots&quot;:true,&quot;autoplay&quot;:true,&quot;autoplaySpeed&quot;:3000,&quot;infinite&quot;:true,&quot;responsive&quot;:[{&quot;breakpoint&quot;:1561,&quot;settings&quot;:{&quot;slidesToShow&quot;:3,&quot;slidesToScroll&quot;:1}}]}\">\n<div class=\"wp-block-cb-slide\">\n<figure class=\"wp-block-image size-full\"><img loading=\"lazy\" decoding=\"async\" width=\"2560\" height=\"1714\" src=\"https:\/\/abrilpopular.ese.ipp.pt\/wp-content\/uploads\/2025\/02\/foto-3-of-11-3-scaled.jpg\" alt=\"\" class=\"wp-image-356\" style=\"aspect-ratio:16\/9;object-fit:cover\" srcset=\"https:\/\/abrilpopular.ese.ipp.pt\/wp-content\/uploads\/2025\/02\/foto-3-of-11-3-scaled.jpg 2560w, https:\/\/abrilpopular.ese.ipp.pt\/wp-content\/uploads\/2025\/02\/foto-3-of-11-3-300x201.jpg 300w, https:\/\/abrilpopular.ese.ipp.pt\/wp-content\/uploads\/2025\/02\/foto-3-of-11-3-1024x685.jpg 1024w, https:\/\/abrilpopular.ese.ipp.pt\/wp-content\/uploads\/2025\/02\/foto-3-of-11-3-768x514.jpg 768w, https:\/\/abrilpopular.ese.ipp.pt\/wp-content\/uploads\/2025\/02\/foto-3-of-11-3-1536x1028.jpg 1536w, https:\/\/abrilpopular.ese.ipp.pt\/wp-content\/uploads\/2025\/02\/foto-3-of-11-3-2048x1371.jpg 2048w\" sizes=\"auto, (max-width: 2560px) 100vw, 2560px\" \/><\/figure>\n<\/div>\n\n\n\n<div class=\"wp-block-cb-slide\">\n<figure class=\"wp-block-image aligncenter size-full has-custom-border\" style=\"margin-top:0;margin-right:0;margin-bottom:0;margin-left:0\"><img loading=\"lazy\" decoding=\"async\" width=\"1928\" height=\"2560\" src=\"https:\/\/abrilpopular.ese.ipp.pt\/wp-content\/uploads\/2025\/02\/UPP7-2-scaled.jpg\" alt=\"\" class=\"wp-image-355\" style=\"border-style:none;border-width:0px;border-radius:0px;aspect-ratio:16\/9;object-fit:cover\" srcset=\"https:\/\/abrilpopular.ese.ipp.pt\/wp-content\/uploads\/2025\/02\/UPP7-2-scaled.jpg 1928w, https:\/\/abrilpopular.ese.ipp.pt\/wp-content\/uploads\/2025\/02\/UPP7-2-226x300.jpg 226w, https:\/\/abrilpopular.ese.ipp.pt\/wp-content\/uploads\/2025\/02\/UPP7-2-771x1024.jpg 771w, https:\/\/abrilpopular.ese.ipp.pt\/wp-content\/uploads\/2025\/02\/UPP7-2-768x1020.jpg 768w, https:\/\/abrilpopular.ese.ipp.pt\/wp-content\/uploads\/2025\/02\/UPP7-2-1157x1536.jpg 1157w, https:\/\/abrilpopular.ese.ipp.pt\/wp-content\/uploads\/2025\/02\/UPP7-2-1542x2048.jpg 1542w\" sizes=\"auto, (max-width: 1928px) 100vw, 1928px\" \/><\/figure>\n<\/div>\n\n\n\n<div class=\"wp-block-cb-slide\">\n<figure class=\"wp-block-image aligncenter size-full\"><img loading=\"lazy\" decoding=\"async\" width=\"2560\" height=\"1441\" src=\"https:\/\/abrilpopular.ese.ipp.pt\/wp-content\/uploads\/2025\/02\/foto-6-of-11-1-edited-scaled.jpg\" alt=\"\" class=\"wp-image-306\" style=\"aspect-ratio:16\/9;object-fit:cover\" srcset=\"https:\/\/abrilpopular.ese.ipp.pt\/wp-content\/uploads\/2025\/02\/foto-6-of-11-1-edited-scaled.jpg 2560w, https:\/\/abrilpopular.ese.ipp.pt\/wp-content\/uploads\/2025\/02\/foto-6-of-11-1-edited-300x169.jpg 300w, https:\/\/abrilpopular.ese.ipp.pt\/wp-content\/uploads\/2025\/02\/foto-6-of-11-1-edited-1024x577.jpg 1024w, https:\/\/abrilpopular.ese.ipp.pt\/wp-content\/uploads\/2025\/02\/foto-6-of-11-1-edited-768x432.jpg 768w, https:\/\/abrilpopular.ese.ipp.pt\/wp-content\/uploads\/2025\/02\/foto-6-of-11-1-edited-1536x865.jpg 1536w, https:\/\/abrilpopular.ese.ipp.pt\/wp-content\/uploads\/2025\/02\/foto-6-of-11-1-edited-2048x1153.jpg 2048w\" sizes=\"auto, (max-width: 2560px) 100vw, 2560px\" \/><\/figure>\n<\/div>\n\n\n\n<div class=\"wp-block-cb-slide\">\n<figure class=\"wp-block-image aligncenter size-full\"><img loading=\"lazy\" decoding=\"async\" width=\"1360\" height=\"1020\" src=\"https:\/\/abrilpopular.ese.ipp.pt\/wp-content\/uploads\/2025\/02\/andst-entrada-editada-2.jpg\" alt=\"\" class=\"wp-image-358\" style=\"aspect-ratio:16\/9;object-fit:cover\" srcset=\"https:\/\/abrilpopular.ese.ipp.pt\/wp-content\/uploads\/2025\/02\/andst-entrada-editada-2.jpg 1360w, https:\/\/abrilpopular.ese.ipp.pt\/wp-content\/uploads\/2025\/02\/andst-entrada-editada-2-300x225.jpg 300w, https:\/\/abrilpopular.ese.ipp.pt\/wp-content\/uploads\/2025\/02\/andst-entrada-editada-2-1024x768.jpg 1024w, https:\/\/abrilpopular.ese.ipp.pt\/wp-content\/uploads\/2025\/02\/andst-entrada-editada-2-768x576.jpg 768w\" sizes=\"auto, (max-width: 1360px) 100vw, 1360px\" \/><\/figure>\n<\/div>\n<\/div>\n<\/div>\n\n\n\n<div style=\"height:59px\" aria-hidden=\"true\" class=\"wp-block-spacer\"><\/div>\n\n\n\n<div class=\"wp-block-group is-vertical is-content-justification-center is-layout-flex wp-container-core-group-is-layout-ce155fab wp-block-group-is-layout-flex\">\n<div class=\"wp-block-group has-global-padding is-layout-constrained wp-container-core-group-is-layout-44626644 wp-block-group-is-layout-constrained\">\n<p class=\"has-text-align-left is-style-default has-vollkorn-font-family has-medium-font-size\" style=\"border-style:none;border-width:0px;border-radius:0px;margin-top:0;margin-right:0;margin-bottom:0;margin-left:0;padding-top:0;padding-right:0;padding-bottom:0;padding-left:0;line-height:2\">O <strong>Projeto \u201cAprilGrassroots: Construir a Democracia Participativa \u2013 Associa\u00e7\u00f5es populares de Abril no Porto\u201d<\/strong> tem como principal objetivo\u202fcontribuir para a constru\u00e7\u00e3o de conhecimento sociol\u00f3gico, hist\u00f3rico e educativo sobre o movimento associativo popular do Porto na sua rela\u00e7\u00e3o com a revolu\u00e7\u00e3o do 25 de Abril e a consolida\u00e7\u00e3o democr\u00e1tica portuguesa, e, especificamente, sobre os desenvolvimentos e desafios associativos enfrentados pelas associa\u00e7\u00f5es populares do Porto criadas durante o PREC e nos primeiros anos ap\u00f3s a aprova\u00e7\u00e3o da Constitui\u00e7\u00e3o da Rep\u00fablica Portuguesa.&nbsp;&nbsp;<\/p>\n\n\n\n<div style=\"height:59px;width:0px\" aria-hidden=\"true\" class=\"wp-block-spacer\"><\/div>\n\n\n\n<p class=\"has-text-align-left is-style-default has-vollkorn-font-family has-medium-font-size\" style=\"margin-top:0;margin-right:0;margin-bottom:0;margin-left:0;line-height:2\">O projeto baseia-se em\u202f<strong>tr\u00eas estudos de caso<\/strong>\u202f-\u202fUniversidade Popular do Porto (UPP), Associa\u00e7\u00e3o Nacional dos Deficientes Sinistrados no Trabalho (ANDST) e Associa\u00e7\u00e3o de Moradores da Lomba (AML)\u202f\u2013 constitu\u00eddos a partir do patrim\u00f3nio de interven\u00e7\u00e3o social e educativa desenvolvido na forma\u00e7\u00e3o de Educadores Sociais da Escola Superior de Educa\u00e7\u00e3o do Porto.\u202f&nbsp;<\/p>\n<\/div>\n<\/div>\n\n\n\n<div class=\"wp-block-group alignwide has-global-padding is-layout-constrained wp-container-core-group-is-layout-c515ca60 wp-block-group-is-layout-constrained\">\n<div class=\"wp-block-columns alignwide is-style-section-5 has-medium-font-size is-layout-flex wp-container-core-columns-is-layout-abd851d0 wp-block-columns-is-layout-flex is-style-section-5--1\" style=\"margin-top:var(--wp--preset--spacing--50);margin-bottom:var(--wp--preset--spacing--50);padding-top:var(--wp--preset--spacing--30);padding-right:var(--wp--preset--spacing--20);padding-bottom:var(--wp--preset--spacing--30);padding-left:var(--wp--preset--spacing--20)\">\n<div class=\"wp-block-column is-layout-flow wp-block-column-is-layout-flow\">\n<div class=\"wp-block-cover\" style=\"margin-top:0;margin-bottom:0;padding-right:var(--wp--preset--spacing--60);padding-left:var(--wp--preset--spacing--60);min-height:264px;aspect-ratio:unset;\"><span aria-hidden=\"true\" class=\"wp-block-cover__background has-background-dim\"><\/span><img loading=\"lazy\" decoding=\"async\" width=\"771\" height=\"1024\" class=\"wp-block-cover__image-background wp-image-168\" alt=\"\" src=\"https:\/\/abrilpopular.ese.ipp.pt\/wp-content\/uploads\/2025\/02\/UPP8-editada-1-771x1024.jpg\" data-object-fit=\"cover\" srcset=\"https:\/\/abrilpopular.ese.ipp.pt\/wp-content\/uploads\/2025\/02\/UPP8-editada-1-771x1024.jpg 771w, https:\/\/abrilpopular.ese.ipp.pt\/wp-content\/uploads\/2025\/02\/UPP8-editada-1-226x300.jpg 226w, https:\/\/abrilpopular.ese.ipp.pt\/wp-content\/uploads\/2025\/02\/UPP8-editada-1-768x1020.jpg 768w, https:\/\/abrilpopular.ese.ipp.pt\/wp-content\/uploads\/2025\/02\/UPP8-editada-1-1157x1536.jpg 1157w, https:\/\/abrilpopular.ese.ipp.pt\/wp-content\/uploads\/2025\/02\/UPP8-editada-1-1542x2048.jpg 1542w, https:\/\/abrilpopular.ese.ipp.pt\/wp-content\/uploads\/2025\/02\/UPP8-editada-1-scaled.jpg 1928w\" sizes=\"auto, (max-width: 771px) 100vw, 771px\" \/><div class=\"wp-block-cover__inner-container is-layout-flow wp-block-cover-is-layout-flow\">\n<p class=\"has-text-align-center is-style-default has-vollkorn-font-family has-large-font-size\"><a href=\"https:\/\/upp.pt\/drupal\/\" data-type=\"link\" data-id=\"https:\/\/upp.pt\/drupal\/\" target=\"_blank\" rel=\"noreferrer noopener\"><strong>Universidade Popular do Porto<\/strong><\/a><\/p>\n<\/div><\/div>\n<\/div>\n\n\n\n<div class=\"wp-block-column is-layout-flow wp-block-column-is-layout-flow\">\n<div class=\"wp-block-cover\" style=\"margin-top:0;margin-bottom:0;padding-right:var(--wp--preset--spacing--30);padding-left:var(--wp--preset--spacing--30);min-height:264px;aspect-ratio:unset;\"><span aria-hidden=\"true\" class=\"wp-block-cover__background has-background-dim\"><\/span><img loading=\"lazy\" decoding=\"async\" width=\"1024\" height=\"768\" class=\"wp-block-cover__image-background wp-image-169\" alt=\"\" src=\"https:\/\/abrilpopular.ese.ipp.pt\/wp-content\/uploads\/2025\/02\/andst-entrada-editada-1-1024x768.jpg\" data-object-fit=\"cover\" srcset=\"https:\/\/abrilpopular.ese.ipp.pt\/wp-content\/uploads\/2025\/02\/andst-entrada-editada-1-1024x768.jpg 1024w, https:\/\/abrilpopular.ese.ipp.pt\/wp-content\/uploads\/2025\/02\/andst-entrada-editada-1-300x225.jpg 300w, https:\/\/abrilpopular.ese.ipp.pt\/wp-content\/uploads\/2025\/02\/andst-entrada-editada-1-768x576.jpg 768w, https:\/\/abrilpopular.ese.ipp.pt\/wp-content\/uploads\/2025\/02\/andst-entrada-editada-1.jpg 1360w\" sizes=\"auto, (max-width: 1024px) 100vw, 1024px\" \/><div class=\"wp-block-cover__inner-container is-layout-flow wp-block-cover-is-layout-flow\">\n<p class=\"has-text-align-center has-vollkorn-font-family has-large-font-size\" style=\"border-style:none;border-width:0px\"><a href=\"https:\/\/www.andst.pt\/\" target=\"_blank\" rel=\"noreferrer noopener\"><strong>Associa\u00e7\u00e3o Nacional de Deficientes Sinistrados no Trabalho<\/strong><\/a><\/p>\n<\/div><\/div>\n<\/div>\n\n\n\n<div class=\"wp-block-column is-layout-flow wp-block-column-is-layout-flow\">\n<div class=\"wp-block-cover\" style=\"padding-right:var(--wp--preset--spacing--60);padding-left:var(--wp--preset--spacing--60);min-height:264px;aspect-ratio:unset;\"><span aria-hidden=\"true\" class=\"wp-block-cover__background has-background-dim\"><\/span><img loading=\"lazy\" decoding=\"async\" width=\"1024\" height=\"685\" class=\"wp-block-cover__image-background wp-image-170\" alt=\"\" src=\"https:\/\/abrilpopular.ese.ipp.pt\/wp-content\/uploads\/2025\/02\/foto-6-of-11-2-1024x685.jpg\" data-object-fit=\"cover\" srcset=\"https:\/\/abrilpopular.ese.ipp.pt\/wp-content\/uploads\/2025\/02\/foto-6-of-11-2-1024x685.jpg 1024w, https:\/\/abrilpopular.ese.ipp.pt\/wp-content\/uploads\/2025\/02\/foto-6-of-11-2-300x201.jpg 300w, https:\/\/abrilpopular.ese.ipp.pt\/wp-content\/uploads\/2025\/02\/foto-6-of-11-2-768x514.jpg 768w, https:\/\/abrilpopular.ese.ipp.pt\/wp-content\/uploads\/2025\/02\/foto-6-of-11-2-1536x1028.jpg 1536w, https:\/\/abrilpopular.ese.ipp.pt\/wp-content\/uploads\/2025\/02\/foto-6-of-11-2-2048x1371.jpg 2048w\" sizes=\"auto, (max-width: 1024px) 100vw, 1024px\" \/><div class=\"wp-block-cover__inner-container is-layout-flow wp-container-core-cover-is-layout-aff182c8 wp-block-cover-is-layout-flow\">\n<p class=\"has-text-align-center has-vollkorn-font-family has-large-font-size\"><strong><a href=\"https:\/\/www.facebook.com\/amlomba.aml\/\" target=\"_blank\" rel=\"noreferrer noopener\">Associa\u00e7\u00e3o de Moradores da Lomba<\/a><\/strong><\/p>\n<\/div><\/div>\n<\/div>\n<\/div>\n<\/div>\n\n\n\n<p><\/p>\n","protected":false},"excerpt":{"rendered":"<p>O Projeto \u201cAprilGrassroots: Construir a Democracia Participativa \u2013 Associa\u00e7\u00f5es populares de Abril no Porto\u201d tem como principal objetivo\u202fcontribuir para a constru\u00e7\u00e3o de conhecimento sociol\u00f3gico, hist\u00f3rico e educativo sobre o movimento associativo popular do Porto na sua rela\u00e7\u00e3o com a revolu\u00e7\u00e3o do 25 de Abril e a consolida\u00e7\u00e3o democr\u00e1tica portuguesa, e, especificamente, sobre os desenvolvimentos e [&hellip;]<\/p>\n","protected":false},"author":1,"featured_media":0,"parent":0,"menu_order":1,"comment_status":"closed","ping_status":"closed","template":"","meta":{"footnotes":""},"class_list":["post-2","page","type-page","status-publish","hentry"],"_links":{"self":[{"href":"https:\/\/abrilpopular.ese.ipp.pt\/index.php?rest_route=\/wp\/v2\/pages\/2","targetHints":{"allow":["GET"]}}],"collection":[{"href":"https:\/\/abrilpopular.ese.ipp.pt\/index.php?rest_route=\/wp\/v2\/pages"}],"about":[{"href":"https:\/\/abrilpopular.ese.ipp.pt\/index.php?rest_route=\/wp\/v2\/types\/page"}],"author":[{"embeddable":true,"href":"https:\/\/abrilpopular.ese.ipp.pt\/index.php?rest_route=\/wp\/v2\/users\/1"}],"replies":[{"embeddable":true,"href":"https:\/\/abrilpopular.ese.ipp.pt\/index.php?rest_route=%2Fwp%2Fv2%2Fcomments&post=2"}],"version-history":[{"count":50,"href":"https:\/\/abrilpopular.ese.ipp.pt\/index.php?rest_route=\/wp\/v2\/pages\/2\/revisions"}],"predecessor-version":[{"id":739,"href":"https:\/\/abrilpopular.ese.ipp.pt\/index.php?rest_route=\/wp\/v2\/pages\/2\/revisions\/739"}],"wp:attachment":[{"href":"https:\/\/abrilpopular.ese.ipp.pt\/index.php?rest_route=%2Fwp%2Fv2%2Fmedia&parent=2"}],"curies":[{"name":"wp","href":"https:\/\/api.w.org\/{rel}","templated":true}]}}